{"id":1176,"date":"2015-08-12T10:01:40","date_gmt":"2015-08-12T10:01:40","guid":{"rendered":"http:\/\/caballero.es\/?page_id=1176"},"modified":"2023-07-05T09:19:15","modified_gmt":"2023-07-05T07:19:15","slug":"partnerships","status":"publish","type":"page","link":"https:\/\/caballero.es\/en\/the-company\/partnerships\/","title":{"rendered":"Partnerships"},"content":{"rendered":"\n  <div class=\"banner has-hover\" id=\"banner-134202042\">\n          <div class=\"banner-inner fill\">\n        <div class=\"banner-bg fill\" >\n            <div class=\"bg fill bg-fill \"><\/div>\n                                    \n                    <\/div>\n        <div class=\"banner-layers container\">\n            <div class=\"fill banner-link\"><\/div>            \n   <div id=\"text-box-789264217\" class=\"text-box banner-layer x50 md-x50 lg-x50 y50 md-y50 lg-y50 res-text\">\n                                <div class=\"text-box-content text dark\">\n              \n              <div class=\"text-inner text-center\">\n                  \n<h1>PARTNERSHIPS<\/h1>\n              <\/div>\n           <\/div>\n                            \n<style>\n#text-box-789264217 {\n  width: 60%;\n}\n#text-box-789264217 .text-box-content {\n  font-size: 100%;\n}\n@media (min-width:550px) {\n  #text-box-789264217 {\n    width: 60%;\n  }\n}\n<\/style>\n    <\/div>\n \n        <\/div>\n      <\/div>\n\n            \n<style>\n#banner-134202042 {\n  padding-top: 500px;\n}\n#banner-134202042 .bg.bg-loaded {\n  background-image: url(https:\/\/caballero.es\/wp-content\/uploads\/sites\/2\/2020\/12\/Alianzas_Slider.jpg);\n}\n<\/style>\n  <\/div>\n\n\n\t<section class=\"section\" id=\"section_1654305523\">\n\t\t<div class=\"bg section-bg fill bg-fill  bg-loaded\" >\n\n\t\t\t\n\t\t\t\n\t\t\t\n\n\t\t<\/div>\n\n\t\t<div class=\"section-content relative\">\n\t\t\t\n<div class=\"row align-center\"  id=\"row-1557210968\">\n\n\t<div id=\"col-376422925\" class=\"col medium-7 small-12 large-7\"  >\n\t\t<div class=\"col-inner\"  >\n\t\t\t\n\t\t\t\n<p>Our group establishes strategic partnerships, that profit from our experience and brand prestige, to optimize our response to both consumers and market trends. We forge agreements with other companies, to distribute and build their brands within the Spanish market.<\/p>\n\t\t<\/div>\n\t\t\t<\/div>\n\n\t\n<\/div>\n<div class=\"row row-collapse\"  id=\"row-2079329334\">\n\n\t<div id=\"col-2011628090\" class=\"col small-12 large-12\"  >\n\t\t<div class=\"col-inner box-shadow-4\"  >\n\t\t\t\n\t<div class=\"is-border\"\n\t\tstyle=\"border-color:rgb(0, 0, 0);border-width:1px 1px 1px 1;\">\n\t<\/div>\n\t\t\t\n<div class=\"row align-middle up\"  id=\"row-2114870657\">\n\n\t<div id=\"col-1990491880\" class=\"col medium-4 small-12 large-4\"  >\n\t\t<div class=\"col-inner text-center\"  >\n\t\t\t\n\t\t\t\n\t<div class=\"img has-hover x md-x lg-x y md-y lg-y\" id=\"image_2086509884\">\n\t\t\t\t\t\t\t\t<div class=\"img-inner dark\" style=\"margin:23px 0px 0px 0px;\">\n\t\t\t<img loading=\"lazy\" decoding=\"async\" width=\"154\" height=\"152\" src=\"https:\/\/caballero.es\/wp-content\/uploads\/sites\/2\/2021\/02\/Logo_Europvin.jpg\" class=\"attachment-large size-large\" alt=\"Europvin logo\" srcset=\"https:\/\/caballero.es\/wp-content\/uploads\/sites\/2\/2021\/02\/Logo_Europvin.jpg 154w, https:\/\/caballero.es\/wp-content\/uploads\/sites\/2\/2021\/02\/Logo_Europvin-100x100.jpg 100w, https:\/\/caballero.es\/wp-content\/uploads\/sites\/2\/2021\/02\/Logo_Europvin-85x85.jpg 85w, https:\/\/caballero.es\/wp-content\/uploads\/sites\/2\/2021\/02\/Logo_Europvin-39x39.jpg 39w, https:\/\/caballero.es\/wp-content\/uploads\/sites\/2\/2021\/02\/Logo_Europvin-18x18.jpg 18w, https:\/\/caballero.es\/wp-content\/uploads\/sites\/2\/2021\/02\/Logo_Europvin-25x25.jpg 25w\" sizes=\"auto, (max-width: 154px) 100vw, 154px\" \/>\t\t\t\t\t\t\n\t\t\t\t\t<\/div>\n\t\t\t\t\t\t\t\t\n<style>\n#image_2086509884 {\n  width: 52%;\n}\n<\/style>\n\t<\/div>\n\t\n\t\t<\/div>\n\t\t\t<\/div>\n\n\t\n\n\t<div id=\"col-1233311898\" class=\"col medium-8 small-12 large-8\"  >\n\t\t<div class=\"col-inner text-center\"  >\n\t\t\t\n\t\t\t\n<h5>EUROPVIN<\/h5>\n<p>Founded in 1978 by Christopher Cannan, Europvin is a wine distributor based in Bordeaux, France, that has developed an unpaired experience in marketing top quality European wines worldwide. It currently exports to 50 countries, including the most prestigious wine markets.<\/p>\n<p>Luis Caballero, with other prestigious wineries such as Vega Sicilia, participates in Europvin as a global joint venture.<\/p>\n<a rel=\"noopener noreferrer\" href=\"http:\/\/www.europvin.com\" target=\"_blank\" class=\"button primary is-underline lowercase\"  >\n    <span>www.europvin.com<\/span>\n  <\/a>\n\n\t\t<\/div>\n\t\t\n<style>\n#col-1233311898 > .col-inner {\n  padding: 0px 40px 0px 40px;\n}\n@media (min-width:550px) {\n  #col-1233311898 > .col-inner {\n    padding: 44px 40px 0px 40px;\n  }\n}\n<\/style>\n\t<\/div>\n\n\t\n<\/div>\n\t\t<\/div>\n\t\t\t<\/div>\n\n\t\n\n\t<div id=\"col-2065265858\" class=\"col small-12 large-12\"  >\n\t\t<div class=\"col-inner\"  >\n\t\t\t\n\t\t\t\n<div class=\"row row-collapse align-equal\"  id=\"row-1622460925\">\n\n\t<div id=\"col-257592825\" class=\"col medium-8 small-12 large-8\"  >\n\t\t<div class=\"col-inner text-center\" style=\"background-color:rgba(204, 208, 212, 0.465);\" >\n\t\t\t\n\t\t\t\n<h5>TEQUILAS DEL SE\u00d1OR. DESTILERIA RIO DE PLATA<\/h5>\n<p>Tequilas del Se\u00f1or elaborates some of the highest quality tequilas and tradition in Jalisco, Mexico.<\/p>\n<p>Back in 1943, Don C\u00e9sar Garc\u00eda founded the R\u00edo de Plata distillery in the Mexican city of Guadalajara, with the premise of elaborating the most exquisite tequila. The passion, tenacity and experience of more than 70 years preserved to these days by Don Manuel Garc\u00eda (fourth gereation), have resulted in dozens of international awards and presence in more than 50 countries.<\/p>\n<a rel=\"noopener noreferrer\" href=\"https:\/\/www.tequilasdelsenor.com.mx\/\" target=\"_blank\" class=\"button primary is-underline lowercase\"  >\n    <span>www.tequilasdelsenor.com.mx<\/span>\n  <\/a>\n\n\t\t<\/div>\n\t\t\n<style>\n#col-257592825 > .col-inner {\n  padding: 44px 40px 40px 40px;\n}\n<\/style>\n\t<\/div>\n\n\t\n\n\t<div id=\"col-924773369\" class=\"col medium-4 small-12 large-4 small-col-first\"  >\n\t\t<div class=\"col-inner text-center\" style=\"background-color:rgba(204, 208, 212, 0.465);\" >\n\t\t\t\n\t\t\t\n\t<div class=\"img has-hover x md-x lg-x y md-y lg-y\" id=\"image_2106043117\">\n\t\t\t\t\t\t\t\t<div class=\"img-inner dark\" style=\"margin:23px 0px 0px 0px;\">\n\t\t\t<img loading=\"lazy\" decoding=\"async\" width=\"1020\" height=\"550\" src=\"https:\/\/caballero.es\/wp-content\/uploads\/sites\/2\/2021\/02\/Logo_Tequilas_Senor.svg\" class=\"attachment-large size-large\" alt=\"Logo Tequilas del Se\u00f1or\" \/>\t\t\t\t\t\t\n\t\t\t\t\t<\/div>\n\t\t\t\t\t\t\t\t\n<style>\n#image_2106043117 {\n  width: 90%;\n}\n<\/style>\n\t<\/div>\n\t\n\t\t<\/div>\n\t\t\n<style>\n#col-924773369 > .col-inner {\n  padding: 20px 40px 0px 40px;\n}\n@media (min-width:550px) {\n  #col-924773369 > .col-inner {\n    padding: 44px 40px 40px 40px;\n  }\n}\n<\/style>\n\t<\/div>\n\n\t\n<\/div>\n\t\t<\/div>\n\t\t\t<\/div>\n\n\t\n\n\t<div id=\"col-637290259\" class=\"col small-12 large-12\"  >\n\t\t<div class=\"col-inner box-shadow-4\"  >\n\t\t\t\n\t<div class=\"is-border\"\n\t\tstyle=\"border-color:rgb(0, 0, 0);border-width:1px 1px 1px 1;\">\n\t<\/div>\n\t\t\t\n<div class=\"row align-middle up\"  id=\"row-1737967409\">\n\n\t<div id=\"col-1168081621\" class=\"col medium-4 small-12 large-4\"  >\n\t\t<div class=\"col-inner text-center\"  >\n\t\t\t\n\t\t\t\n\t<div class=\"img has-hover x md-x lg-x y md-y lg-y\" id=\"image_1650640684\">\n\t\t\t\t\t\t\t\t<div class=\"img-inner dark\" style=\"margin:23px 0px 0px 0px;\">\n\t\t\t<img loading=\"lazy\" decoding=\"async\" width=\"317\" height=\"123\" src=\"https:\/\/caballero.es\/wp-content\/uploads\/sites\/2\/2021\/02\/Logo_Oliver_Oliver.gif\" class=\"attachment-large size-large\" alt=\"Oliver &amp; Oliver\" srcset=\"https:\/\/caballero.es\/wp-content\/uploads\/sites\/2\/2021\/02\/Logo_Oliver_Oliver.gif 317w, https:\/\/caballero.es\/wp-content\/uploads\/sites\/2\/2021\/02\/Logo_Oliver_Oliver-266x103.gif 266w, https:\/\/caballero.es\/wp-content\/uploads\/sites\/2\/2021\/02\/Logo_Oliver_Oliver-85x33.gif 85w\" sizes=\"auto, (max-width: 317px) 100vw, 317px\" \/>\t\t\t\t\t\t\n\t\t\t\t\t<\/div>\n\t\t\t\t\t\t\t\t\n<style>\n#image_1650640684 {\n  width: 63%;\n}\n<\/style>\n\t<\/div>\n\t\n\t\t<\/div>\n\t\t\t<\/div>\n\n\t\n\n\t<div id=\"col-1751690272\" class=\"col medium-8 small-12 large-8\"  >\n\t\t<div class=\"col-inner text-center\"  >\n\t\t\t\n\t\t\t\n<h5>OLIVER&amp;OLIVER<\/h5>\n<p>Oliver &amp; Oliver is undoubtedly one of the best producers of artisan rums in the world.<\/p>\n<p>The house was founded in the Dominican Republic in the 19th century by rum makers emigrated from Cuba, integrating the original familiy formulas with the most modern and elegant ones of the Dominican Republic. Oliver Rums are distinguished by their high quality, aroma and flavor.<\/p>\n<p>Since 2014, Luis Caballero exclusively distributes in Spain the premium Puntacana Club range: Very Old Rum (7 years), Black Rum (15 years) and XOX (25 years).<\/p>\n<a rel=\"noopener noreferrer\" href=\"http:\/\/oliveryoliver.com\/\" target=\"_blank\" class=\"button primary is-underline lowercase\"  >\n    <span>www.oliveryoliver.com<\/span>\n  <\/a>\n\n\t\t<\/div>\n\t\t\n<style>\n#col-1751690272 > .col-inner {\n  padding: 0px 40px 0px 40px;\n}\n@media (min-width:550px) {\n  #col-1751690272 > .col-inner {\n    padding: 44px 40px 0px 40px;\n  }\n}\n<\/style>\n\t<\/div>\n\n\t\n<\/div>\n\t\t<\/div>\n\t\t\t<\/div>\n\n\t\n\n<style>\n#row-2079329334 > .col > .col-inner {\n  background-color: rgb(255, 255, 255);\n}\n<\/style>\n<\/div>\n\t\t<\/div>\n\n\t\t\n<style>\n#section_1654305523 {\n  padding-top: 60px;\n  padding-bottom: 60px;\n}\n<\/style>\n\t<\/section>\n\t\n","protected":false},"excerpt":{"rendered":"","protected":false},"author":2,"featured_media":0,"parent":5571,"menu_order":4,"comment_status":"closed","ping_status":"closed","template":"page-blank.php","meta":{"footnotes":""},"class_list":["post-1176","page","type-page","status-publish","hentry"],"_links":{"self":[{"href":"https:\/\/caballero.es\/en\/wp-json\/wp\/v2\/pages\/1176","targetHints":{"allow":["GET"]}}],"collection":[{"href":"https:\/\/caballero.es\/en\/wp-json\/wp\/v2\/pages"}],"about":[{"href":"https:\/\/caballero.es\/en\/wp-json\/wp\/v2\/types\/page"}],"author":[{"embeddable":true,"href":"https:\/\/caballero.es\/en\/wp-json\/wp\/v2\/users\/2"}],"replies":[{"embeddable":true,"href":"https:\/\/caballero.es\/en\/wp-json\/wp\/v2\/comments?post=1176"}],"version-history":[{"count":0,"href":"https:\/\/caballero.es\/en\/wp-json\/wp\/v2\/pages\/1176\/revisions"}],"up":[{"embeddable":true,"href":"https:\/\/caballero.es\/en\/wp-json\/wp\/v2\/pages\/5571"}],"wp:attachment":[{"href":"https:\/\/caballero.es\/en\/wp-json\/wp\/v2\/media?parent=1176"}],"curies":[{"name":"wp","href":"https:\/\/api.w.org\/{rel}","templated":true}]}}