{"id":1192,"date":"2015-08-12T10:33:18","date_gmt":"2015-08-12T10:33:18","guid":{"rendered":"http:\/\/caballero.es\/?page_id=1192"},"modified":"2021-04-03T12:57:18","modified_gmt":"2021-04-03T10:57:18","slug":"about-us","status":"publish","type":"page","link":"https:\/\/caballero.es\/en\/the-company\/about-us\/","title":{"rendered":"About Us"},"content":{"rendered":"\t<section class=\"section\" id=\"section_1914297155\">\n\t\t<div class=\"bg section-bg fill bg-fill  bg-loaded\" >\n\n\t\t\t\n\t\t\t\n\t\t\t\n\n\t\t<\/div>\n\n\t\t<div class=\"section-content relative\">\n\t\t\t\n\n  <div class=\"banner has-hover\" id=\"banner-2090792270\">\n          <div class=\"banner-inner fill\">\n        <div class=\"banner-bg fill\" >\n            <div class=\"bg fill bg-fill \"><\/div>\n                                    \n                    <\/div>\n        <div class=\"banner-layers container\">\n            <div class=\"fill banner-link\"><\/div>            \n   <div id=\"text-box-135103355\" class=\"text-box banner-layer x50 md-x50 lg-x50 y90 md-y90 lg-y90 res-text\">\n                                <div class=\"text-box-content text dark\">\n              \n              <div class=\"text-inner text-center\">\n                  \n<h1>ABOUT US<\/h1>\n              <\/div>\n           <\/div>\n                            \n<style>\n#text-box-135103355 {\n  width: 83%;\n}\n#text-box-135103355 .text-box-content {\n  font-size: 100%;\n}\n@media (min-width:550px) {\n  #text-box-135103355 {\n    width: 91%;\n  }\n}\n<\/style>\n    <\/div>\n \n        <\/div>\n      <\/div>\n\n            \n<style>\n#banner-2090792270 {\n  padding-top: 500px;\n}\n#banner-2090792270 .bg.bg-loaded {\n  background-image: url(https:\/\/caballero.es\/wp-content\/uploads\/sites\/2\/2020\/12\/Quienes_Somos_Slider-1900x619.jpg);\n}\n#banner-2090792270 .bg {\n  background-position: 52% 34%;\n}\n<\/style>\n  <\/div>\n\n\n<div class=\"row row-collapse align-center\"  id=\"row-1452416066\">\n\n\t<div id=\"col-1680386469\" class=\"col medium-8 small-11 large-8\"  >\n\t\t<div class=\"col-inner text-center\"  >\n\t\t\t\n\t\t\t\n<p>We are a family business founded in 1830, based in El Puerto de Santa Mar\u00eda in C\u00e1diz, southern Spain. We produce and commercialize top-quality spirits and wines, with a strong link to the DO Jerez-X\u00e9rez-Sherry.<\/p>\n<p>We are currently present in more than 50 countries with 125 employees. We are a company that seeks to grow through innovation, strategic alliances and new acquisitions.<\/p>\n\t\t<\/div>\n\t\t\t<\/div>\n\n\t\n\n<style>\n#row-1452416066 > .col > .col-inner {\n  padding: 29px 0px 25px 0px;\n}\n<\/style>\n<\/div>\n<div class=\"row row-collapse align-center\"  id=\"row-751001675\">\n\n\t<div id=\"col-849978609\" class=\"col small-12 large-12\"  >\n\t\t<div class=\"col-inner\"  >\n\t\t\t\n\t\t\t\n\t<div class=\"img has-hover x md-x lg-x y md-y lg-y\" id=\"image_1040879643\">\n\t\t\t\t\t\t\t\t<div class=\"img-inner dark\" >\n\t\t\t<img loading=\"lazy\" decoding=\"async\" width=\"1020\" height=\"550\" src=\"https:\/\/caballero.es\/wp-content\/uploads\/sites\/2\/2021\/02\/plano-paises-caballeor.svg\" class=\"attachment-large size-large\" alt=\"Paises con presencia del Grupo Caballero\" \/>\t\t\t\t\t\t\n\t\t\t\t\t<\/div>\n\t\t\t\t\t\t\t\t\n<style>\n#image_1040879643 {\n  width: 100%;\n}\n<\/style>\n\t<\/div>\n\t\n\t\t<\/div>\n\t\t\t<\/div>\n\n\t\n\n\t<div id=\"col-1996389715\" class=\"col medium-10 small-12 large-10\"  >\n\t\t<div class=\"col-inner text-center\"  >\n\t\t\t\n\t\t\t\n<p>From the very beginning our company has bet strongly on exports and on being present in key international markets.<\/p>\n<p>Today our brands can be enjoyed across all five continents thanks to a wide network of distributors and commercial agents in the different markets.<\/p>\n\t\t<\/div>\n\t\t\n<style>\n#col-1996389715 > .col-inner {\n  margin: 40px 0px 40px 0px;\n}\n<\/style>\n\t<\/div>\n\n\t\n<\/div>\n\t\t<\/div>\n\n\t\t\n<style>\n#section_1914297155 {\n  padding-top: 0px;\n  padding-bottom: 0px;\n}\n@media (min-width:550px) {\n  #section_1914297155 {\n    padding-top: 0px;\n    padding-bottom: 0px;\n  }\n}\n<\/style>\n\t<\/section>\n\t\n","protected":false},"excerpt":{"rendered":"","protected":false},"author":2,"featured_media":0,"parent":5571,"menu_order":1,"comment_status":"closed","ping_status":"closed","template":"page-blank.php","meta":{"footnotes":""},"class_list":["post-1192","page","type-page","status-publish","hentry"],"_links":{"self":[{"href":"https:\/\/caballero.es\/en\/wp-json\/wp\/v2\/pages\/1192","targetHints":{"allow":["GET"]}}],"collection":[{"href":"https:\/\/caballero.es\/en\/wp-json\/wp\/v2\/pages"}],"about":[{"href":"https:\/\/caballero.es\/en\/wp-json\/wp\/v2\/types\/page"}],"author":[{"embeddable":true,"href":"https:\/\/caballero.es\/en\/wp-json\/wp\/v2\/users\/2"}],"replies":[{"embeddable":true,"href":"https:\/\/caballero.es\/en\/wp-json\/wp\/v2\/comments?post=1192"}],"version-history":[{"count":0,"href":"https:\/\/caballero.es\/en\/wp-json\/wp\/v2\/pages\/1192\/revisions"}],"up":[{"embeddable":true,"href":"https:\/\/caballero.es\/en\/wp-json\/wp\/v2\/pages\/5571"}],"wp:attachment":[{"href":"https:\/\/caballero.es\/en\/wp-json\/wp\/v2\/media?parent=1192"}],"curies":[{"name":"wp","href":"https:\/\/api.w.org\/{rel}","templated":true}]}}