{"id":18525,"date":"2024-04-11T15:57:02","date_gmt":"2024-04-11T13:57:02","guid":{"rendered":"https:\/\/caballero.es\/brands\/black-rum-contrabando\/"},"modified":"2024-04-30T11:41:52","modified_gmt":"2024-04-30T09:41:52","slug":"black-rum","status":"publish","type":"page","link":"https:\/\/caballero.es\/en\/brands\/black-rum\/","title":{"rendered":"Black Rum"},"content":{"rendered":"\t<div class=\"img has-hover x md-x lg-x y md-y lg-y\" id=\"image_1286583848\">\n\t\t\t\t\t\t\t\t<div class=\"img-inner dark\" >\n\t\t\t<img loading=\"lazy\" decoding=\"async\" width=\"1020\" height=\"539\" src=\"https:\/\/caballero.es\/wp-content\/uploads\/sites\/2\/2024\/04\/portada-black-run.png\" class=\"attachment-large size-large\" alt=\"\" srcset=\"https:\/\/caballero.es\/wp-content\/uploads\/sites\/2\/2024\/04\/portada-black-run.png 1440w, https:\/\/caballero.es\/wp-content\/uploads\/sites\/2\/2024\/04\/portada-black-run-1000x528.png 1000w, https:\/\/caballero.es\/wp-content\/uploads\/sites\/2\/2024\/04\/portada-black-run-768x406.png 768w, https:\/\/caballero.es\/wp-content\/uploads\/sites\/2\/2024\/04\/portada-black-run-266x141.png 266w, https:\/\/caballero.es\/wp-content\/uploads\/sites\/2\/2024\/04\/portada-black-run-600x317.png 600w\" sizes=\"auto, (max-width: 1020px) 100vw, 1020px\" \/>\t\t\t\t\t\t\n\t\t\t\t\t<\/div>\n\t\t\t\t\t\t\t\t\n<style>\n#image_1286583848 {\n  width: 100%;\n}\n<\/style>\n\t<\/div>\n\t\n\t<section class=\"section\" id=\"section_1465441325\">\n\t\t<div class=\"bg section-bg fill bg-fill  bg-loaded\" >\n\n\t\t\t\n\t\t\t\n\t\t\t\n\n\t\t<\/div>\n\n\t\t<div class=\"section-content relative\">\n\t\t\t\n<div class=\"row\"  id=\"row-1894549685\">\n\n\t<div id=\"col-394600614\" class=\"col medium-2 small-12 large-2\"  >\n\t\t<div class=\"col-inner\"  >\n\t\t\t\n\t\t\t\n\t\t<\/div>\n\t\t\t<\/div>\n\n\t\n\n\t<div id=\"col-465548139\" class=\"col medium-8 small-12 large-8\"  >\n\t\t<div class=\"col-inner\"  >\n\t\t\t\n\t\t\t\n\t<div id=\"text-2545080083\" class=\"text\">\n\t\t\n<h1 style=\"font-size: 45px;\">BLACK RUM CONTRABANDO<\/h1>\n<h1 style=\"font-size: 45px;\">GRAN RESERVA<\/h1>\n<p>Black Rum by Ron Contrabando pays homage to the early adventurers of the Caribbean, who sought new routes, territories, and treasures or simply engaged in piracy, with rum as their faithful companion<\/p>\n\t\t\n<style>\n#text-2545080083 {\n  line-height: 1.75;\n  text-align: center;\n}\n<\/style>\n\t<\/div>\n\t\n\t\t<\/div>\n\t\t\t<\/div>\n\n\t\n\n\t<div id=\"col-1518404664\" class=\"col medium-2 small-12 large-2\"  >\n\t\t<div class=\"col-inner\"  >\n\t\t\t\n\t\t\t\n\t\t<\/div>\n\t\t\t<\/div>\n\n\t\n<\/div>\n\t\t<\/div>\n\n\t\t\n<style>\n#section_1465441325 {\n  padding-top: 30px;\n  padding-bottom: 30px;\n}\n<\/style>\n\t<\/section>\n\t\n\t<section class=\"section\" id=\"section_497646382\">\n\t\t<div class=\"bg section-bg fill bg-fill  bg-loaded\" >\n\n\t\t\t\n\t\t\t<div class=\"section-bg-overlay absolute fill\"><\/div>\n\t\t\t\n\n\t\t<\/div>\n\n\t\t<div class=\"section-content relative\">\n\t\t\t\n<div class=\"row\"  id=\"row-259426159\">\n\n\t<div id=\"col-665007073\" class=\"col medium-6 small-12 large-6\"  >\n\t\t<div class=\"col-inner\"  >\n\t\t\t\n\t\t\t\n\t<div class=\"img has-hover x md-x lg-x y md-y lg-y\" id=\"image_1801745712\">\n\t\t\t\t\t\t\t\t<div class=\"img-inner dark\" >\n\t\t\t<img loading=\"lazy\" decoding=\"async\" width=\"576\" height=\"462\" src=\"https:\/\/caballero.es\/wp-content\/uploads\/sites\/2\/2024\/04\/Rectangle-12-1.png\" class=\"attachment-large size-large\" alt=\"\" srcset=\"https:\/\/caballero.es\/wp-content\/uploads\/sites\/2\/2024\/04\/Rectangle-12-1.png 576w, https:\/\/caballero.es\/wp-content\/uploads\/sites\/2\/2024\/04\/Rectangle-12-1-266x213.png 266w\" sizes=\"auto, (max-width: 576px) 100vw, 576px\" \/>\t\t\t\t\t\t\n\t\t\t\t\t<\/div>\n\t\t\t\t\t\t\t\t\n<style>\n#image_1801745712 {\n  width: 100%;\n}\n<\/style>\n\t<\/div>\n\t\n\t\t<\/div>\n\t\t\t<\/div>\n\n\t\n\n\t<div id=\"col-1317913231\" class=\"col medium-6 small-12 large-6\"  >\n\t\t<div class=\"col-inner\"  >\n\t\t\t\n\t\t\t\n\t<div id=\"text-2968124977\" class=\"text\">\n\t\t\n<h5><span style=\"font-size: 170%;\">The best of both worlds<\/span><\/h5>\n<p>Luis Caballero combines the delicacy of Dominican rums from Oliver &#038; Oliver with the unique nuances of cask from Lustau, aged in Jerez de la Frontera, thus creating an authentic tribute to the adventurous spirit and the legacy of rum.<\/p>\n\t\t\n<style>\n#text-2968124977 {\n  text-align: left;\n}\n<\/style>\n\t<\/div>\n\t\n\t\t<\/div>\n\t\t\n<style>\n#col-1317913231 > .col-inner {\n  padding: px 0px 0px 0px;\n  margin: 100px 0px 0px 0px;\n}\n<\/style>\n\t<\/div>\n\n\t\n<\/div>\n\t\t<\/div>\n\n\t\t\n<style>\n#section_497646382 {\n  padding-top: 32px;\n  padding-bottom: 32px;\n  background-color: rgb(255, 255, 255);\n}\n#section_497646382 .section-bg-overlay {\n  background-color: rgba(255, 255, 255, 0.22);\n}\n<\/style>\n\t<\/section>\n\t\n\t<div class=\"img has-hover x md-x lg-x y md-y lg-y\" id=\"image_1221499657\">\n\t\t\t\t\t\t\t\t<div class=\"img-inner dark\" >\n\t\t\t<img loading=\"lazy\" decoding=\"async\" width=\"1020\" height=\"446\" src=\"https:\/\/caballero.es\/wp-content\/uploads\/sites\/2\/2024\/04\/Rectangle-11.png\" class=\"attachment-large size-large\" alt=\"\" srcset=\"https:\/\/caballero.es\/wp-content\/uploads\/sites\/2\/2024\/04\/Rectangle-11.png 1440w, https:\/\/caballero.es\/wp-content\/uploads\/sites\/2\/2024\/04\/Rectangle-11-1000x438.png 1000w, https:\/\/caballero.es\/wp-content\/uploads\/sites\/2\/2024\/04\/Rectangle-11-768x336.png 768w, https:\/\/caballero.es\/wp-content\/uploads\/sites\/2\/2024\/04\/Rectangle-11-266x116.png 266w, https:\/\/caballero.es\/wp-content\/uploads\/sites\/2\/2024\/04\/Rectangle-11-600x263.png 600w\" sizes=\"auto, (max-width: 1020px) 100vw, 1020px\" \/>\t\t\t\t\t\t\n\t\t\t\t\t<\/div>\n\t\t\t\t\t\t\t\t\n<style>\n#image_1221499657 {\n  width: 100%;\n}\n<\/style>\n\t<\/div>\n\t\n\t<section class=\"section\" id=\"section_2013737247\">\n\t\t<div class=\"bg section-bg fill bg-fill  bg-loaded\" >\n\n\t\t\t\n\t\t\t\n\t\t\t\n\n\t\t<\/div>\n\n\t\t<div class=\"section-content relative\">\n\t\t\t\n<div class=\"row\"  id=\"row-905574418\">\n\n\t<div id=\"col-1034156451\" class=\"col medium-6 small-12 large-6\"  >\n\t\t<div class=\"col-inner\"  >\n\t\t\t\n\t\t\t\n\t<div id=\"text-3436295716\" class=\"text\">\n\t\t\n<h5><span style=\"font-size: 170%;\">Double aging<\/span><\/h5>\n<p>A Gran Reserva 15 rum, aged through the solera system in American white oak cask with a high degree of toasting, which gives it that characteristic dark color of the early rums that accompanied expeditions across the Caribbean Sea. It finishes its refinement with a double aging process in Lustau cask that previously held Pedro Xim\u00e9nez, imparting an elegant and rich finish.<\/p>\n\t\t\n<style>\n#text-3436295716 {\n  text-align: left;\n}\n<\/style>\n\t<\/div>\n\t\n\t\t<\/div>\n\t\t\n<style>\n#col-1034156451 > .col-inner {\n  margin: 150px 0px 0px 0px;\n}\n<\/style>\n\t<\/div>\n\n\t\n\n\t<div id=\"col-1871288599\" class=\"col medium-6 small-12 large-6\"  >\n\t\t<div class=\"col-inner\"  >\n\t\t\t\n\t\t\t\n\t<div class=\"img has-hover x md-x lg-x y md-y lg-y\" id=\"image_453674626\">\n\t\t\t\t\t\t\t\t<div class=\"img-inner dark\" >\n\t\t\t<img loading=\"lazy\" decoding=\"async\" width=\"576\" height=\"556\" src=\"https:\/\/caballero.es\/wp-content\/uploads\/sites\/2\/2024\/04\/Rectangle-13-1-1.png\" class=\"attachment-large size-large\" alt=\"\" srcset=\"https:\/\/caballero.es\/wp-content\/uploads\/sites\/2\/2024\/04\/Rectangle-13-1-1.png 576w, https:\/\/caballero.es\/wp-content\/uploads\/sites\/2\/2024\/04\/Rectangle-13-1-1-266x257.png 266w\" sizes=\"auto, (max-width: 576px) 100vw, 576px\" \/>\t\t\t\t\t\t\n\t\t\t\t\t<\/div>\n\t\t\t\t\t\t\t\t\n<style>\n#image_453674626 {\n  width: 100%;\n}\n<\/style>\n\t<\/div>\n\t\n\t\t<\/div>\n\t\t\t<\/div>\n\n\t\n<\/div>\n\t\t<\/div>\n\n\t\t\n<style>\n#section_2013737247 {\n  padding-top: 30px;\n  padding-bottom: 30px;\n}\n<\/style>\n\t<\/section>\n\t\n\t<section class=\"section\" id=\"section_1190513768\">\n\t\t<div class=\"bg section-bg fill bg-fill  bg-loaded\" >\n\n\t\t\t\n\t\t\t\n\t\t\t\n\n\t\t<\/div>\n\n\t\t<div class=\"section-content relative\">\n\t\t\t\n<div class=\"row\"  id=\"row-1871507581\">\n\n\t<div id=\"col-654957794\" class=\"col medium-6 small-12 large-6\"  >\n\t\t<div class=\"col-inner\"  >\n\t\t\t\n\t\t\t\n\t<div class=\"img has-hover x md-x lg-x y md-y lg-y\" id=\"image_2108150129\">\n\t\t\t\t\t\t\t\t<div class=\"img-inner dark\" >\n\t\t\t<img loading=\"lazy\" decoding=\"async\" width=\"592\" height=\"887\" src=\"https:\/\/caballero.es\/wp-content\/uploads\/sites\/2\/2024\/04\/R3_6014-F-1.png\" class=\"attachment-large size-large\" alt=\"\" srcset=\"https:\/\/caballero.es\/wp-content\/uploads\/sites\/2\/2024\/04\/R3_6014-F-1.png 592w, https:\/\/caballero.es\/wp-content\/uploads\/sites\/2\/2024\/04\/R3_6014-F-1-534x800.png 534w, https:\/\/caballero.es\/wp-content\/uploads\/sites\/2\/2024\/04\/R3_6014-F-1-266x399.png 266w\" sizes=\"auto, (max-width: 592px) 100vw, 592px\" \/>\t\t\t\t\t\t\n\t\t\t\t\t<\/div>\n\t\t\t\t\t\t\t\t\n<style>\n#image_2108150129 {\n  width: 100%;\n}\n<\/style>\n\t<\/div>\n\t\n\t\t<\/div>\n\t\t\t<\/div>\n\n\t\n\n\t<div id=\"col-2003385602\" class=\"col medium-6 small-12 large-6\"  >\n\t\t<div class=\"col-inner\"  >\n\t\t\t\n\t\t\t\n<h5><span style=\"font-size: 170%;\">Proud of its origins.<\/span><\/h5>\n<p>Black Rum is a unique and distinguished rum, aimed at those who live the sea and adventure as the essence of their lives, connoisseurs of tradition in the crafting of authentic things and who take pride in their origins.<\/p>\n<p>In acknowledgment of that adventurous spirit, as you enjoy Black Rum, you\u2019ll gradually uncover the navigation chart of the Caribbean Sea on the bottle itself, following the path of the first adventurers who sailed those waters and leading us to their origins, the Dominican Republic.<\/p>\n<p>Smooth, sweet, complex, and full-bodied. The high toasting of American white oak cask gives it its characteristic dark color and notes of vanilla, French cr\u00e8me br\u00fbl\u00e9e, and chocolate. Its refinement in Lustau cask previously holding Pedro Xim\u00e9nez provides a lush finish with sweet notes and ripe fruit. It boasts a long, distinguished, and harmonious finish.<\/p>\n\t\t<\/div>\n\t\t\n<style>\n#col-2003385602 > .col-inner {\n  margin: 150px 0px 0px 0px;\n}\n<\/style>\n\t<\/div>\n\n\t\n<\/div>\n\t\t<\/div>\n\n\t\t\n<style>\n#section_1190513768 {\n  padding-top: 30px;\n  padding-bottom: 30px;\n}\n<\/style>\n\t<\/section>\n\t\n\t<section class=\"section\" id=\"section_499599948\">\n\t\t<div class=\"bg section-bg fill bg-fill  bg-loaded\" >\n\n\t\t\t\n\t\t\t\n\t\t\t\n\n\t\t<\/div>\n\n\t\t<div class=\"section-content relative\">\n\t\t\t\n<div class=\"message-box relative dark\" style=\"padding-top:15px;padding-bottom:15px;\"><div class=\"message-box-bg-image bg-fill fill\" ><\/div><div class=\"message-box-bg-overlay bg-fill fill\" style=\"background-color:rgb(0, 0, 0);\"><\/div><div class=\"container relative\"><div class=\"inner last-reset\">\n<div class=\"row align-middle align-center\"  id=\"row-457207864\">\n\n\t<div id=\"col-1230464260\" class=\"col medium-2 small-12 large-2\"  >\n\t\t<div class=\"col-inner text-center\"  >\n\t\t\t\n\t\t\t\n\t\t<\/div>\n\t\t\t<\/div>\n\n\t\n\n\t<div id=\"col-1543038943\" class=\"col medium-9 small-12 large-9\"  >\n\t\t<div class=\"col-inner text-center\"  >\n\t\t\t\n\t\t\t\n<p style=\"text-align: center;\"><span style=\"font-size: 150%;\">Enter <em>www.roncontrabando.com<\/em><\/span><br \/>\n<span style=\"font-size: 150%;\">to learn more<br \/>\n<\/span><\/p>\n<a rel=\"noopener noreferrer\" href=\"https:\/\/www.roncontrabando.com\/\" target=\"_blank\" class=\"button white is-outline is-large lowercase\"  >\n    <span>Enter<\/span>\n  <\/a>\n\n\t\t<\/div>\n\t\t\t<\/div>\n\n\t\n<\/div>\n<\/div><\/div><\/div>\n\t\t<\/div>\n\n\t\t\n<style>\n#section_499599948 {\n  padding-top: 0px;\n  padding-bottom: 0px;\n}\n<\/style>\n\t<\/section>\n\t\n\t<section class=\"section\" id=\"section_392884522\">\n\t\t<div class=\"bg section-bg fill bg-fill  bg-loaded\" >\n\n\t\t\t\n\t\t\t\n\t\t\t\n\n\t\t<\/div>\n\n\t\t<div class=\"section-content relative\">\n\t\t\t\n<div class=\"row\"  id=\"row-1670650718\">\n\n\t<div id=\"col-709577216\" class=\"col medium-4 small-12 large-4\"  >\n\t\t<div class=\"col-inner\"  >\n\t\t\t\n\t\t\t\n\t\t<\/div>\n\t\t\t<\/div>\n\n\t\n\n\t<div id=\"col-361643407\" class=\"col medium-4 small-12 large-4\"  >\n\t\t<div class=\"col-inner\"  >\n\t\t\t\n\t\t\t\n\n  \n    <div class=\"row large-columns-1 medium-columns- small-columns- row-small\">\n  \t\n\t     \n\t\t\t\t\t\n<div class=\"product-small col has-hover product type-product post-18395 status-publish first instock product_cat-rum product_cat-spirits has-post-thumbnail taxable shipping-taxable purchasable product-type-simple\">\n\t<div class=\"col-inner\">\n\t\n<div class=\"badge-container absolute left top z-1\">\n\t\t\t\t\t\t\t\t\t\n\t\t\t\n\n<\/div>\n\t<div class=\"product-small box \">\n\t\t<div class=\"box-image\">\n\t\t\t<div class=\"image-none\">\n\t\t\t\t<a href=\"https:\/\/caballero.es\/en\/shop\/spirits\/rum\/black-rum-contrabando\/\">\n\t\t\t\t\t<img loading=\"lazy\" decoding=\"async\" width=\"247\" height=\"296\" src=\"https:\/\/caballero.es\/wp-content\/uploads\/sites\/2\/2025\/10\/Black-Rum-nuevo-web-247x296.jpg\" class=\"attachment-woocommerce_thumbnail size-woocommerce_thumbnail\" alt=\"\" \/>\t\t\t\t<\/a>\n\t\t\t<\/div>\n\t\t\t<div class=\"image-tools is-small top right\">\n\t\t\t\t<a class=\"button success is-outline circle icon icon-info lightbox-gallery\" href=\"#18395\"><?xml version=\"1.0\" encoding=\"utf-8\"?>\n<!-- Generator: Adobe Illustrator 19.2.0, SVG Export Plug-In . SVG Version: 6.00 Build 0)  -->\n<svg version=\"1.1\" id=\"Capa_1\" xmlns=\"http:\/\/www.w3.org\/2000\/svg\" xmlns:xlink=\"http:\/\/www.w3.org\/1999\/xlink\" x=\"0px\" y=\"0px\"\n\t viewBox=\"0 0 385 385\" style=\"enable-background:new 0 0 385 385;\" xml:space=\"preserve\">\n<path d=\"M188.4,41.9c25,0,45.1,20.2,45.1,45.1s-20.2,45.1-45.1,45.1S143.2,112,143.2,87S163.4,41.9,188.4,41.9z\"\/>\n<path d=\"M229.4,160.5h-1.2h-72.6H153c-14.9,0-26.8,12-26.8,26.8l0,0c0,14.9,12,26.8,26.8,26.8h2.7v86.1h-29.5V343h132.7v-42.8h-29.3\n\tL229.4,160.5L229.4,160.5z\"\/>\n<\/svg>\n<\/a>\n\t\t\t<\/div>\n\t\t\t<div class=\"image-tools is-small bottom left\">\n\t\t\t\t\t\t\t<\/div>\n\t\t\t<div class=\"image-tools grid-tools text-center bottom\">\n\t\t\t\t<a href=\"?add-to-cart=18395\" aria-describedby=\"woocommerce_loop_add_to_cart_link_describedby_18395\" data-quantity=\"1\" class=\"add-to-cart-grid no-padding is-transparent product_type_simple add_to_cart_button ajax_add_to_cart\" data-product_id=\"18395\" data-product_sku=\"PT003282\" aria-label=\"Add to cart: &ldquo;Black Rum Contrabando&rdquo;\" rel=\"nofollow\" data-success_message=\"&ldquo;Black Rum Contrabando&rdquo; has been added to your cart\"><div class=\"cart-icon tooltip is-small\" title=\"Add to cart\"><strong>+<\/strong><\/div><\/a>\t<span id=\"woocommerce_loop_add_to_cart_link_describedby_18395\" class=\"screen-reader-text\">\n\t\t\t<\/span>\n\t\t\t<\/div>\n\t\t\t\t\t<\/div>\n\t\t\t<div id=\"18395\" class=\"lightbox-by-id lightbox-content mfp-hide lightbox-white \" style=\"max-width:380px ;padding:20px\">\n\t\t<div class=\"row row-collapse has-block tooltipstered\">\n\n\t<div class=\"col small-12 large-12\">\n\t\t<div class=\"col-inner\">\n\t\t\t<div class=\"title-wrapper\"><p class=\"name product-title woocommerce-loop-product__title\"><a href=\"https:\/\/caballero.es\/en\/shop\/spirits\/rum\/black-rum-contrabando\/\" class=\"woocommerce-LoopProduct-link woocommerce-loop-product__link\">Black Rum Contrabando<\/a><\/p><\/div><ul>\n\t\t\t\t<li class=\"bullet-do\">Rep. Dominicana<\/li>\t\t\t\t<li class=\"bullet-perfil\">Sweet<\/li>\t\t\t\t<li class=\"bullet-alcohol\">40 %<\/li>\t\t\t\t<li class=\"bullet-vejez\">15<\/li>\t\t\t\t\t\t\t\t<li class=\"bullet-botella\">70 cl.<\/li>\t\t\t\t\t\t\t\t\t\t\t\t\t\t\t\t<\/ul>\n\t\t\t\t<a class=\"button secondary\" href=\"https:\/\/caballero.es\/en\/shop\/spirits\/rum\/black-rum-contrabando\/\">Saber M\u00e1s<\/a>\t\n\t\t\t<\/div>\n\t\t\n\t\t<\/div>\n\n\t<\/div>\t\n<\/div>\n\n\t\t<div class=\"box-text box-text-products text-center grid-style-2\">\n\t\t\t<div class=\"title-wrapper\"><p class=\"name product-title woocommerce-loop-product__title\"><a href=\"https:\/\/caballero.es\/en\/shop\/spirits\/rum\/black-rum-contrabando\/\" class=\"woocommerce-LoopProduct-link woocommerce-loop-product__link\">Black Rum Contrabando<\/a><\/p><\/div><div class=\"price-wrapper\">\n\t<span class=\"price\"><span class=\"woocommerce-Price-amount amount\"><bdi>27,30&nbsp;<span class=\"woocommerce-Price-currencySymbol\">&euro;<\/span><\/bdi><\/span> <small class=\"woocommerce-price-suffix\">Inc. VAT<\/small><\/span>\n<\/div>\t\t<\/div>\n\t<\/div>\n\t\t<\/div>\n<\/div>\n\n\t            \t        <\/div>\n\t\t<\/div>\n\t\t\t<\/div>\n\n\t\n\n\t<div id=\"col-1821407558\" class=\"col medium-4 small-12 large-4\"  >\n\t\t<div class=\"col-inner\"  >\n\t\t\t\n\t\t\t\n\t\t<\/div>\n\t\t\t<\/div>\n\n\t\n<\/div>\n\t\t<\/div>\n\n\t\t\n<style>\n#section_392884522 {\n  padding-top: 59px;\n  padding-bottom: 59px;\n}\n<\/style>\n\t<\/section>\n\t\n\t<section class=\"section\" id=\"section_1648613457\">\n\t\t<div class=\"bg section-bg fill bg-fill  bg-loaded\" >\n\n\t\t\t\n\t\t\t\n\t\t\t\n\n\t\t<\/div>\n\n\t\t<div class=\"section-content relative\">\n\t\t\t\n<div class=\"container section-title-container rrssmin\" style=\"margin-bottom:-5px;\"><h4 class=\"section-title section-title-center\"><b><\/b><span class=\"section-title-main\" >FOLLOW US IN:<\/span><b><\/b><\/h4><\/div>\n<div class=\"row row-collapse\"  id=\"row-815056528\">\n\n\t<div id=\"col-1386291987\" class=\"col small-12 large-12\"  >\n\t\t<div class=\"col-inner text-center\"  >\n\t\t\t\n\t\t\t\n<div class=\"ux-logo has-hover align-middle ux_logo inline-block\" style=\"max-width: 100%!important; width: 81.369863013699px!important\"><a class=\"ux-logo-link block image-zoom\" title=\"\"  href=\"https:\/\/www.facebook.com\/roncontrabando\" style=\"padding: 15px;\"><img decoding=\"async\" src=\"https:\/\/caballero.es\/wp-content\/uploads\/sites\/2\/2020\/12\/Icono_RRSS_Facebook.svg\" title=\"\" alt=\"\" class=\"ux-logo-image block\" style=\"height:50px;\" \/><\/a><\/div>\n<div class=\"ux-logo has-hover align-middle ux_logo inline-block\" style=\"max-width: 100%!important; width: 81.369863013699px!important\"><a class=\"ux-logo-link block image-zoom\" title=\"\"  href=\"https:\/\/www.instagram.com\/roncontrabando\/\" style=\"padding: 15px;\"><img decoding=\"async\" src=\"https:\/\/caballero.es\/wp-content\/uploads\/sites\/2\/2020\/12\/Icono_RRSS_Instagram.svg\" title=\"\" alt=\"\" class=\"ux-logo-image block\" style=\"height:50px;\" \/><\/a><\/div>\n\t\t<\/div>\n\t\t\t<\/div>\n\n\t\n<\/div>\n\t\t<\/div>\n\n\t\t\n<style>\n#section_1648613457 {\n  padding-top: 30px;\n  padding-bottom: 30px;\n}\n<\/style>\n\t<\/section>\n\t\n","protected":false},"excerpt":{"rendered":"","protected":false},"author":5000,"featured_media":18439,"parent":5579,"menu_order":0,"comment_status":"closed","ping_status":"closed","template":"page-blank.php","meta":{"footnotes":""},"class_list":["post-18525","page","type-page","status-publish","has-post-thumbnail","hentry"],"_links":{"self":[{"href":"https:\/\/caballero.es\/en\/wp-json\/wp\/v2\/pages\/18525","targetHints":{"allow":["GET"]}}],"collection":[{"href":"https:\/\/caballero.es\/en\/wp-json\/wp\/v2\/pages"}],"about":[{"href":"https:\/\/caballero.es\/en\/wp-json\/wp\/v2\/types\/page"}],"author":[{"embeddable":true,"href":"https:\/\/caballero.es\/en\/wp-json\/wp\/v2\/users\/5000"}],"replies":[{"embeddable":true,"href":"https:\/\/caballero.es\/en\/wp-json\/wp\/v2\/comments?post=18525"}],"version-history":[{"count":0,"href":"https:\/\/caballero.es\/en\/wp-json\/wp\/v2\/pages\/18525\/revisions"}],"up":[{"embeddable":true,"href":"https:\/\/caballero.es\/en\/wp-json\/wp\/v2\/pages\/5579"}],"wp:featuredmedia":[{"embeddable":true,"href":"https:\/\/caballero.es\/en\/wp-json\/wp\/v2\/media\/18439"}],"wp:attachment":[{"href":"https:\/\/caballero.es\/en\/wp-json\/wp\/v2\/media?parent=18525"}],"curies":[{"name":"wp","href":"https:\/\/api.w.org\/{rel}","templated":true}]}}