{"id":5615,"date":"2021-02-15T18:17:05","date_gmt":"2021-02-15T17:17:05","guid":{"rendered":"https:\/\/caballero.es\/?page_id=5615"},"modified":"2021-02-16T17:02:57","modified_gmt":"2021-02-16T16:02:57","slug":"marques-de-irun","status":"publish","type":"page","link":"https:\/\/caballero.es\/en\/brands\/marques-de-irun\/","title":{"rendered":"Marqu\u00e9s de Ir\u00fan"},"content":{"rendered":"\t<section class=\"section\" id=\"section_1722484385\">\n\t\t<div class=\"bg section-bg fill bg-fill  bg-loaded\" >\n\n\t\t\t\n\t\t\t\n\t\t\t\n\n\t\t<\/div>\n\n\t\t<div class=\"section-content relative\">\n\t\t\t\n\n  <div class=\"banner has-hover\" id=\"banner-2060013100\">\n          <div class=\"banner-inner fill\">\n        <div class=\"banner-bg fill\" >\n            <div class=\"bg fill bg-fill \"><\/div>\n                        <div class=\"overlay\"><\/div>            \n                    <\/div>\n        <div class=\"banner-layers container\">\n            <div class=\"fill banner-link\"><\/div>            \n   <div id=\"text-box-1531200884\" class=\"text-box banner-layer x20 md-x95 lg-x100 y5 md-y15 lg-y15 res-text\">\n                                <div class=\"text-box-content text dark\">\n              \n              <div class=\"text-inner text-right\">\n                  \n\t<div class=\"img has-hover x md-x lg-x y md-y lg-y\" id=\"image_1065088661\">\n\t\t\t\t\t\t\t\t<div class=\"img-inner dark\" >\n\t\t\t<img loading=\"lazy\" decoding=\"async\" width=\"1020\" height=\"550\" src=\"https:\/\/caballero.es\/wp-content\/uploads\/sites\/2\/2021\/01\/Logo_Marques_Irun.svg\" class=\"attachment-large size-large\" alt=\"Marqu\u00e9s de Ir\u00fan logo blaanco\" \/>\t\t\t\t\t\t\n\t\t\t\t\t<\/div>\n\t\t\t\t\t\t\t\t\n<style>\n#image_1065088661 {\n  width: 35%;\n}\n<\/style>\n\t<\/div>\n\t\n<h5 class=\"thin-font\" style=\"font-weight: 100; text-align: right;\"><span style=\"font-size: 250%; font-weight: 100;\" data-line-height=\"s\">NEVER A SINGLE GRAPE GAVE SO MUCH TO A WINE<\/span><\/h5>\n<p class=\"thin-font\" style=\"font-weight: 100; text-align: right;\" data-line-height=\"m\">A \u201cRueda Superior\u201d made entirely<br \/>\nfrom the native Verdejo variety,<br \/>\na wine with character and its own personality.<\/p>\n              <\/div>\n           <\/div>\n                            \n<style>\n#text-box-1531200884 {\n  width: 72%;\n}\n#text-box-1531200884 .text-box-content {\n  font-size: 123%;\n}\n@media (min-width:550px) {\n  #text-box-1531200884 .text-box-content {\n    font-size: 160%;\n  }\n}\n<\/style>\n    <\/div>\n \n        <\/div>\n      <\/div>\n\n            \n<style>\n#banner-2060013100 {\n  padding-top: 150%;\n}\n#banner-2060013100 .bg.bg-loaded {\n  background-image: url(https:\/\/caballero.es\/wp-content\/uploads\/sites\/2\/2020\/12\/Marques_Irun_Verdejo_Hielo-scaled.jpg);\n}\n#banner-2060013100 .overlay {\n  background-color: rgba(0, 0, 0, 0.19);\n}\n#banner-2060013100 .bg {\n  background-position: 28% 34%;\n}\n@media (min-width:550px) {\n  #banner-2060013100 {\n    padding-top: 52%;\n  }\n}\n<\/style>\n  <\/div>\n\n\n\t\t<\/div>\n\n\t\t\n<style>\n#section_1722484385 {\n  padding-top: 0px;\n  padding-bottom: 0px;\n}\n<\/style>\n\t<\/section>\n\t\n\t<section class=\"section\" id=\"section_98249818\">\n\t\t<div class=\"bg section-bg fill bg-fill  bg-loaded\" >\n\n\t\t\t\n\t\t\t\n\t\t\t\n\n\t\t<\/div>\n\n\t\t<div class=\"section-content relative\">\n\t\t\t\n<div class=\"row\"  id=\"row-482152055\">\n\n\t<div id=\"col-1133359201\" class=\"col medium-5 small-12 large-5\"  >\n\t\t<div class=\"col-inner\"  >\n\t\t\t\n\t\t\t\n<h5><span style=\"font-size: 170%;\" data-line-height=\"l\">WINES WITH CHARACTER AND OWN PERSONALITY<\/span><\/h5>\n<p data-line-height=\"s\"><span style=\"font-size: 140%;\">Intense, fresh, unique<\/span><\/p>\n<p>This 100% Verdejo has a marked fruity character. Marqu\u00e9s de Ir\u00fan is an unctuous and elegant wine, with a good level of acidity. A truly reflection of Rueda tradition.<\/p>\n\t\t<\/div>\n\t\t\n<style>\n#col-1133359201 > .col-inner {\n  margin: 0px 0px -35px 0px;\n}\n<\/style>\n\t<\/div>\n\n\t\n\n\t<div id=\"col-1505411619\" class=\"col medium-7 small-12 large-7\"  >\n\t\t<div class=\"col-inner\"  >\n\t\t\t\n\t\t\t\n\t<div class=\"img has-hover x md-x lg-x y md-y lg-y\" id=\"image_1574840851\">\n\t\t\t\t\t\t\t\t<div class=\"img-inner image-cover dark\" style=\"padding-top:37%;\">\n\t\t\t<img loading=\"lazy\" decoding=\"async\" width=\"827\" height=\"279\" src=\"https:\/\/caballero.es\/wp-content\/uploads\/sites\/2\/2020\/12\/Marques_Irun_Uva.jpg\" class=\"attachment-original size-original\" alt=\"Uva de Marqu\u00e9s de Ir\u00fan\" srcset=\"https:\/\/caballero.es\/wp-content\/uploads\/sites\/2\/2020\/12\/Marques_Irun_Uva.jpg 827w, https:\/\/caballero.es\/wp-content\/uploads\/sites\/2\/2020\/12\/Marques_Irun_Uva-266x90.jpg 266w, https:\/\/caballero.es\/wp-content\/uploads\/sites\/2\/2020\/12\/Marques_Irun_Uva-600x202.jpg 600w, https:\/\/caballero.es\/wp-content\/uploads\/sites\/2\/2020\/12\/Marques_Irun_Uva-768x259.jpg 768w\" sizes=\"auto, (max-width: 827px) 100vw, 827px\" \/>\t\t\t\t\t\t\n\t\t\t\t\t<\/div>\n\t\t\t\t\t\t\t\t\n<style>\n#image_1574840851 {\n  width: 100%;\n}\n@media (min-width:850px) {\n  #image_1574840851 {\n    width: 100%;\n  }\n}\n<\/style>\n\t<\/div>\n\t\n\t\t<\/div>\n\t\t\n<style>\n#col-1505411619 > .col-inner {\n  margin: 0px 0px 20px 0px;\n}\n@media (min-width:550px) {\n  #col-1505411619 > .col-inner {\n    margin: 0px 0px -35px 0px;\n  }\n}\n<\/style>\n\t<\/div>\n\n\t\n<\/div>\n<div class=\"row align-bottom\"  id=\"row-939998642\">\n\n\t<div id=\"col-364343889\" class=\"col medium-7 small-12 large-7\"  >\n\t\t<div class=\"col-inner\"  >\n\t\t\t\n\t\t\t\n\t<div class=\"img has-hover x md-x lg-x y md-y lg-y\" id=\"image_406575666\">\n\t\t\t\t\t\t\t\t<div class=\"img-inner image-cover dark\" style=\"padding-top:37%;\">\n\t\t\t<img loading=\"lazy\" decoding=\"async\" width=\"837\" height=\"275\" src=\"https:\/\/caballero.es\/wp-content\/uploads\/sites\/2\/2020\/12\/Marques_Irun_Vina.jpg\" class=\"attachment-large size-large\" alt=\"Vi\u00f1a de Marqu\u00e9s de Ir\u00fan\" srcset=\"https:\/\/caballero.es\/wp-content\/uploads\/sites\/2\/2020\/12\/Marques_Irun_Vina.jpg 837w, https:\/\/caballero.es\/wp-content\/uploads\/sites\/2\/2020\/12\/Marques_Irun_Vina-266x87.jpg 266w, https:\/\/caballero.es\/wp-content\/uploads\/sites\/2\/2020\/12\/Marques_Irun_Vina-600x197.jpg 600w, https:\/\/caballero.es\/wp-content\/uploads\/sites\/2\/2020\/12\/Marques_Irun_Vina-768x252.jpg 768w\" sizes=\"auto, (max-width: 837px) 100vw, 837px\" \/>\t\t\t\t\t\t\n\t\t\t\t\t<\/div>\n\t\t\t\t\t\t\t\t\n<style>\n#image_406575666 {\n  width: 100%;\n}\n<\/style>\n\t<\/div>\n\t\n\t\t<\/div>\n\t\t\t<\/div>\n\n\t\n\n\t<div id=\"col-1331511249\" class=\"col medium-5 small-12 large-5 small-col-first\"  >\n\t\t<div class=\"col-inner\"  >\n\t\t\t\n\t\t\t\n<h5><span style=\"font-size: 170%;\">THE ELABORATION<\/span><\/h5>\n<p>Made from vines that are over 40 years old and located at an altitude of 750 meters.<\/p>\n<p>The winke making process with its lees for 3 months provides unctuousness, resulting in a round wine with a great body and structure.<\/p>\n\t\t<\/div>\n\t\t\t<\/div>\n\n\t\n\n<style>\n#row-939998642 > .col > .col-inner {\n  padding: 26px 0px 0px 0px;\n}\n<\/style>\n<\/div>\n\t\t<\/div>\n\n\t\t\n<style>\n#section_98249818 {\n  padding-top: 30px;\n  padding-bottom: 30px;\n}\n<\/style>\n\t<\/section>\n\t\n\t<section class=\"section\" id=\"section_1706934828\">\n\t\t<div class=\"bg section-bg fill bg-fill  bg-loaded\" >\n\n\t\t\t\n\t\t\t\n\t\t\t\n\n\t\t<\/div>\n\n\t\t<div class=\"section-content relative\">\n\t\t\t\n<div class=\"row align-center\"  id=\"row-1804786396\">\n\n\t<div id=\"col-2084651253\" class=\"col medium-4 small-12 large-4\"  >\n\t\t<div class=\"col-inner\"  >\n\t\t\t\n\t\t\t\n\n  \n    <div class=\"row large-columns-1 medium-columns- small-columns- row-small\">\n  \t\n\t     \n\t\t\t\t\t\t            \t\n\t            \t<div class=\"col\" >\n\t\t\t\t\t\t<div class=\"col-inner\">\n\t\t\t\t\t\t\n<div class=\"badge-container absolute left top z-1\">\n\t\t\t\t\t\t\t\t\t\n\t\t\t\n\n<\/div>\n\t\t\t\t\t\t<div class=\"product-small box has-hover box-normal box-text-bottom\">\n\t\t\t\t\t\t\t<div class=\"box-image\" >\n\t\t\t\t\t\t\t\t<div class=\"\" >\n<a href=\"https:\/\/caballero.es\/en\/shop\/wines\/rueda-wines\/marques-de-irun\/\" aria-label=\"Marqu\u00e9s de Ir\u00fan 2025\">\n\t\t\t\t\t\t\t\t\t\t<img loading=\"lazy\" decoding=\"async\" width=\"247\" height=\"296\" src=\"https:\/\/caballero.es\/wp-content\/uploads\/sites\/2\/2026\/02\/MISA-2025-web-247x296.jpg\" class=\"attachment-woocommerce_thumbnail size-woocommerce_thumbnail\" alt=\"\" \/>\t\t\t\t\t\t\t\t\t<\/a>\n\t\t\t\t\t\t\t\t\t\t\t\t\t\t\t\t\t\t \t\t\t\t\t\t\t\t<\/div>\n<!-- Empieza la tabla de info -->\n\n\t\t\t<div class=\"image-tools is-small top right\">\n\t\t\t\t<a class=\"button success is-outline circle icon icon-info lightbox-gallery\" href=\"#7496\"><?xml version=\"1.0\" encoding=\"utf-8\"?>\n<!-- Generator: Adobe Illustrator 19.2.0, SVG Export Plug-In . SVG Version: 6.00 Build 0)  -->\n<svg version=\"1.1\" id=\"Capa_1\" xmlns=\"http:\/\/www.w3.org\/2000\/svg\" xmlns:xlink=\"http:\/\/www.w3.org\/1999\/xlink\" x=\"0px\" y=\"0px\"\n\t viewBox=\"0 0 385 385\" style=\"enable-background:new 0 0 385 385;\" xml:space=\"preserve\">\n<path d=\"M188.4,41.9c25,0,45.1,20.2,45.1,45.1s-20.2,45.1-45.1,45.1S143.2,112,143.2,87S163.4,41.9,188.4,41.9z\"\/>\n<path d=\"M229.4,160.5h-1.2h-72.6H153c-14.9,0-26.8,12-26.8,26.8l0,0c0,14.9,12,26.8,26.8,26.8h2.7v86.1h-29.5V343h132.7v-42.8h-29.3\n\tL229.4,160.5L229.4,160.5z\"\/>\n<\/svg>\n<\/a>\n\t\t\t<\/div>\n\t\t\t\t\t\t\t\t<div id=\"7496\" class=\"lightbox-by-id lightbox-content mfp-hide lightbox-white \" style=\"max-width:380px ;padding:20px\">\n\t\t\t\t\t\t\t\t\t\t<div class=\"row row-collapse has-block tooltipstered\">\n\t\t\t\t\t\t\t\t\n\t\t\t\t\t\t\t\t\t<div class=\"col small-12 large-12\">\n\t\t\t\t\t\t\t\t\t\t<div class=\"col-inner\">\n\t\t\t\t\t\t\t\t\t\t\t<div class=\"title-wrapper\"><p class=\"name product-title woocommerce-loop-product__title\"><a href=\"https:\/\/caballero.es\/en\/shop\/wines\/rueda-wines\/marques-de-irun\/\" class=\"woocommerce-LoopProduct-link woocommerce-loop-product__link\">Marqu\u00e9s de Ir\u00fan 2025<\/a><\/p><\/div>\t\t\t\t\t\t\t\t<ul>\n\t\t\t\t<li class=\"bullet-do\">D.O. Rueda<\/li>\t\t\t\t<li class=\"bullet-perfil\">Dry<\/li>\t\t\t\t<li class=\"bullet-alcohol\">13 %<\/li>\t\t\t\t\t\t\t\t<li class=\"bullet-variedad\">Verdejo<\/li>\t\t\t\t<li class=\"bullet-botella\">75 cl.<\/li>\t\t\t\t\t\t\t\t\t\t\t\t\t\t\t\t<\/ul>\n\t\t\t\t<a class=\"button secondary\" href=\"https:\/\/caballero.es\/en\/shop\/wines\/rueda-wines\/marques-de-irun\/\">Saber M\u00e1s<\/a>\t\n\t\t\t\t\t\t\t\t\t\t\t<\/div>\n\t\t\t\t\t\t\t\t\t\t\n\t\t\t\t\t\t\t\t\t\t<\/div>\n\t\t\t\t\t\t\t\t\n\t\t\t\t\t\t\t\t\t<\/div>\t\n\t\t\t\t\t\t\t\t<\/div>\n\t\t\t\t\t\t\t\t\n\t\t\t\t\t\t\t\t\n\t\t\t\t\t\t\t\t\t\t\t\t\t\t\t\t\t<div class=\"image-tools grid-tools text-center bottom\">\n\t\t\t\t\t\t\t\t\t\t<a href=\"?add-to-cart=7496\" aria-describedby=\"woocommerce_loop_add_to_cart_link_describedby_7496\" data-quantity=\"1\" class=\"add-to-cart-grid no-padding is-transparent product_type_simple add_to_cart_button ajax_add_to_cart\" data-product_id=\"7496\" data-product_sku=\"PT003642\" aria-label=\"Add to cart: &ldquo;Marqu\u00e9s de Ir\u00fan 2025&rdquo;\" rel=\"nofollow\" data-success_message=\"&ldquo;Marqu\u00e9s de Ir\u00fan 2025&rdquo; has been added to your cart\"><div class=\"cart-icon tooltip is-small\" title=\"Add to cart\"><strong>+<\/strong><\/div><\/a>\t<span id=\"woocommerce_loop_add_to_cart_link_describedby_7496\" class=\"screen-reader-text\">\n\t\t\t<\/span>\n\t\t\t\t\t\t\t\t\t<\/div>\n\t\t\t\t\t\t\t\t\t\t\t\t\t\t\t\t\t\t\t\t\t\t\t<\/div>\n\t\t\t\t\t\t\t\n\t\t\t\t\t\t\t\n\t\t\t\t\t\t\t\n\t\t\t\t\t\t<div class=\"box-text text-center\" >\n\t\t\t\t\t\t\t\t<div class=\"title-wrapper\"><p class=\"name product-title woocommerce-loop-product__title\"><a href=\"https:\/\/caballero.es\/en\/shop\/wines\/rueda-wines\/marques-de-irun\/\" class=\"woocommerce-LoopProduct-link woocommerce-loop-product__link\">Marqu\u00e9s de Ir\u00fan 2025<\/a><\/p><\/div><div class=\"price-wrapper\">\n\t<span class=\"price\"><span class=\"woocommerce-Price-amount amount\"><bdi>6,65&nbsp;<span class=\"woocommerce-Price-currencySymbol\">&euro;<\/span><\/bdi><\/span> <small class=\"woocommerce-price-suffix\">Inc. VAT<\/small><\/span>\n<\/div>\t\t\t\t\t\t\t<\/div>\n\t\t\t\t\t\t<\/div>\n\t\t\t\t\t\t<\/div>\n\t\t\t\t\t<\/div>\n\t\t\t\t\t\n\t\t\t\t\t\n\t\t\t\t\t\n\t\t\t\t\t\n\t\t\t\t\t\n\t\t\t\t\t\t            \t        <\/div>\n\t\t<\/div>\n\t\t\t<\/div>\n\n\t\n<\/div>\n\t\t<\/div>\n\n\t\t\n<style>\n#section_1706934828 {\n  padding-top: 59px;\n  padding-bottom: 59px;\n}\n<\/style>\n\t<\/section>\n\t\n","protected":false},"excerpt":{"rendered":"","protected":false},"author":2,"featured_media":0,"parent":5579,"menu_order":0,"comment_status":"closed","ping_status":"closed","template":"page-blank.php","meta":{"footnotes":""},"class_list":["post-5615","page","type-page","status-publish","hentry"],"_links":{"self":[{"href":"https:\/\/caballero.es\/en\/wp-json\/wp\/v2\/pages\/5615","targetHints":{"allow":["GET"]}}],"collection":[{"href":"https:\/\/caballero.es\/en\/wp-json\/wp\/v2\/pages"}],"about":[{"href":"https:\/\/caballero.es\/en\/wp-json\/wp\/v2\/types\/page"}],"author":[{"embeddable":true,"href":"https:\/\/caballero.es\/en\/wp-json\/wp\/v2\/users\/2"}],"replies":[{"embeddable":true,"href":"https:\/\/caballero.es\/en\/wp-json\/wp\/v2\/comments?post=5615"}],"version-history":[{"count":0,"href":"https:\/\/caballero.es\/en\/wp-json\/wp\/v2\/pages\/5615\/revisions"}],"up":[{"embeddable":true,"href":"https:\/\/caballero.es\/en\/wp-json\/wp\/v2\/pages\/5579"}],"wp:attachment":[{"href":"https:\/\/caballero.es\/en\/wp-json\/wp\/v2\/media?parent=5615"}],"curies":[{"name":"wp","href":"https:\/\/api.w.org\/{rel}","templated":true}]}}