{"id":21242,"date":"2024-12-11T11:05:08","date_gmt":"2024-12-11T10:05:08","guid":{"rendered":"https:\/\/caballero.es\/?post_type=product&#038;p=21242"},"modified":"2025-04-01T15:44:33","modified_gmt":"2025-04-01T13:44:33","slug":"lustau-tasting-box-6x375cl","status":"publish","type":"product","link":"https:\/\/caballero.es\/en\/shop\/other-products\/special-editions\/lustau-tasting-box-6x375cl\/","title":{"rendered":"Lustau Tasting Box 6&#215;37,5cl"},"content":{"rendered":"<p>This selection of wines offers an unparalleled sensory experience: Manzanilla Papirusa dazzles with its saline freshness and almond notes; Fino Jarana stands out for its elegant, dry profile, with aromas of toasted bread and a subtle herbal touch; Amontillado Los Arcos combines depth and complexity, with hints of hazelnuts and caramel; Palo Cortado Pen\u00ednsula surprises with its uniqueness, offering aromas of dried fruits and spicy undertones; Oloroso Don Nu\u00f1o captivates with its robust structure, marked by walnut notes and aged wood; while Pedro Xim\u00e9nez San Emilio concludes the journey with its silky sweetness, bursting with dried figs, raisins, and caramel.<\/p>\n","protected":false},"excerpt":{"rendered":"<p>UNBOX THE SHERRY EXPERIENCE<br \/>\nDiscover a unique experience with our Lustau Tasting Box, featuring 6 half bottles of exceptional sherry wines: Manzanilla Papirusa, Fino Jarana, Amontillado Los Arcos, Palo Cortado Pen\u00ednsula, Oloroso Don Nu\u00f1o, and Pedro Xim\u00e9nez San Emilio. An irresistible selection that celebrates Lustau&#8217;s diversity and richness of styles. Don\u2019t miss the chance to discover the essence of Jerez with this unique pack.<\/p>\n","protected":false},"featured_media":21237,"template":"","meta":[],"product_brand":[],"product_cat":[230,134,136],"product_tag":[262],"class_list":{"0":"post-21242","1":"product","2":"type-product","3":"status-publish","4":"has-post-thumbnail","6":"product_cat-special-editions","7":"product_cat-wines","8":"product_cat-sherry-wines","9":"product_tag-tasting","11":"first","12":"instock","13":"taxable","14":"shipping-taxable","15":"purchasable","16":"product-type-simple"},"_links":{"self":[{"href":"https:\/\/caballero.es\/en\/wp-json\/wp\/v2\/product\/21242","targetHints":{"allow":["GET"]}}],"collection":[{"href":"https:\/\/caballero.es\/en\/wp-json\/wp\/v2\/product"}],"about":[{"href":"https:\/\/caballero.es\/en\/wp-json\/wp\/v2\/types\/product"}],"wp:featuredmedia":[{"embeddable":true,"href":"https:\/\/caballero.es\/en\/wp-json\/wp\/v2\/media\/21237"}],"wp:attachment":[{"href":"https:\/\/caballero.es\/en\/wp-json\/wp\/v2\/media?parent=21242"}],"wp:term":[{"taxonomy":"product_brand","embeddable":true,"href":"https:\/\/caballero.es\/en\/wp-json\/wp\/v2\/product_brand?post=21242"},{"taxonomy":"product_cat","embeddable":true,"href":"https:\/\/caballero.es\/en\/wp-json\/wp\/v2\/product_cat?post=21242"},{"taxonomy":"product_tag","embeddable":true,"href":"https:\/\/caballero.es\/en\/wp-json\/wp\/v2\/product_tag?post=21242"}],"curies":[{"name":"wp","href":"https:\/\/api.w.org\/{rel}","templated":true}]}}