{"id":7427,"date":"2020-12-06T21:22:50","date_gmt":"2020-12-06T20:22:50","guid":{"rendered":"https:\/\/caballero.es\/tienda\/uncategorized\/oloroso-de-el-puerto-alm-gonzalez-obregon-lustau-50-cl\/"},"modified":"2025-04-01T15:43:35","modified_gmt":"2025-04-01T13:43:35","slug":"oloroso-de-el-puerto-alm-gonzalez-obregon-lustau-50-cl","status":"publish","type":"product","link":"https:\/\/caballero.es\/en\/shop\/wines\/sherry-wines\/oloroso-de-el-puerto-alm-gonzalez-obregon-lustau-50-cl\/","title":{"rendered":"Oloroso de El Puerto &#8211; Alm. Gonz\u00e1lez Obreg\u00f3n Lustau (50 cl)"},"content":{"rendered":"<p>Mahogany color with green hues. Concentrated, aromatic and smoky notes. Round in the mouth, with complex flavors reminiscent of black chocolate and sweet spices.<\/p>\n","protected":false},"excerpt":{"rendered":"<p>SMOKED AND INTENSE<br \/>\nThe traditional character of this wine is made up of 110 boots and is in the winery Jos\u00e9 Luis Gonz\u00e1lez Obreg\u00f3n is in the coastal town of El Puerto de Santa Mar\u00eda.<\/p>\n","protected":false},"featured_media":6965,"template":"","meta":[],"product_brand":[],"product_cat":[134,136],"product_tag":[185,187,183,163],"class_list":{"0":"post-7427","1":"product","2":"type-product","3":"status-publish","4":"has-post-thumbnail","6":"product_cat-wines","7":"product_cat-sherry-wines","8":"product_tag-with-cheese","9":"product_tag-with-cigars","10":"product_tag-with-spicy-dishes-en-2","11":"product_tag-with-stews","12":"pa_estilo-oloroso-en","13":"pa_marca-lustau","15":"first","16":"instock","17":"taxable","18":"shipping-taxable","19":"purchasable","20":"product-type-simple"},"_links":{"self":[{"href":"https:\/\/caballero.es\/en\/wp-json\/wp\/v2\/product\/7427","targetHints":{"allow":["GET"]}}],"collection":[{"href":"https:\/\/caballero.es\/en\/wp-json\/wp\/v2\/product"}],"about":[{"href":"https:\/\/caballero.es\/en\/wp-json\/wp\/v2\/types\/product"}],"wp:featuredmedia":[{"embeddable":true,"href":"https:\/\/caballero.es\/en\/wp-json\/wp\/v2\/media\/6965"}],"wp:attachment":[{"href":"https:\/\/caballero.es\/en\/wp-json\/wp\/v2\/media?parent=7427"}],"wp:term":[{"taxonomy":"product_brand","embeddable":true,"href":"https:\/\/caballero.es\/en\/wp-json\/wp\/v2\/product_brand?post=7427"},{"taxonomy":"product_cat","embeddable":true,"href":"https:\/\/caballero.es\/en\/wp-json\/wp\/v2\/product_cat?post=7427"},{"taxonomy":"product_tag","embeddable":true,"href":"https:\/\/caballero.es\/en\/wp-json\/wp\/v2\/product_tag?post=7427"}],"curies":[{"name":"wp","href":"https:\/\/api.w.org\/{rel}","templated":true}]}}