{"id":7434,"date":"2020-12-06T21:22:50","date_gmt":"2020-12-06T20:22:50","guid":{"rendered":"https:\/\/caballero.es\/tienda\/uncategorized\/amontillado-de-el-puerto-alm-gonzalez-obregon-lustau-50cl\/"},"modified":"2025-04-01T15:43:32","modified_gmt":"2025-04-01T13:43:32","slug":"amontillado-de-el-puerto-alm-gonzalez-obregon-lustau-50cl","status":"publish","type":"product","link":"https:\/\/caballero.es\/en\/shop\/wines\/sherry-wines\/amontillado-de-el-puerto-alm-gonzalez-obregon-lustau-50cl\/","title":{"rendered":"Amontillado de El Puerto &#8211; Alm. Gonz\u00e1lez Obreg\u00f3n Lustau (50cl)"},"content":{"rendered":"<p>Dark golden color, this classic amontillado and elegant is sharp and aromatic, with notes of nuts (hazelnuts) and sweet spices background quince. Sweet almond nuances on the palate with a dry finish and extended.<\/p>\n","protected":false},"excerpt":{"rendered":"<p>DRY AND NUTTY<br \/>\nThe traditional character of this exclusive limited Amontillado is composed of 10 boots that are raised in the winery Jos\u00e9 Luis Gonz\u00e1lez Obreg\u00f3n is in the coastal town of El Puerto de Santa Mar\u00eda.<\/p>\n","protected":false},"featured_media":6953,"template":"","meta":[],"product_brand":[],"product_cat":[134,136],"product_tag":[171,187,176,183],"class_list":{"0":"post-7434","1":"product","2":"type-product","3":"status-publish","4":"has-post-thumbnail","6":"product_cat-wines","7":"product_cat-sherry-wines","8":"product_tag-with-artichokes","9":"product_tag-with-cigars","10":"product_tag-with-oriental-food","11":"product_tag-with-spicy-dishes-en-2","12":"pa_estilo-amontillado-en","13":"pa_marca-lustau","15":"first","16":"instock","17":"taxable","18":"shipping-taxable","19":"purchasable","20":"product-type-simple"},"_links":{"self":[{"href":"https:\/\/caballero.es\/en\/wp-json\/wp\/v2\/product\/7434","targetHints":{"allow":["GET"]}}],"collection":[{"href":"https:\/\/caballero.es\/en\/wp-json\/wp\/v2\/product"}],"about":[{"href":"https:\/\/caballero.es\/en\/wp-json\/wp\/v2\/types\/product"}],"wp:featuredmedia":[{"embeddable":true,"href":"https:\/\/caballero.es\/en\/wp-json\/wp\/v2\/media\/6953"}],"wp:attachment":[{"href":"https:\/\/caballero.es\/en\/wp-json\/wp\/v2\/media?parent=7434"}],"wp:term":[{"taxonomy":"product_brand","embeddable":true,"href":"https:\/\/caballero.es\/en\/wp-json\/wp\/v2\/product_brand?post=7434"},{"taxonomy":"product_cat","embeddable":true,"href":"https:\/\/caballero.es\/en\/wp-json\/wp\/v2\/product_cat?post=7434"},{"taxonomy":"product_tag","embeddable":true,"href":"https:\/\/caballero.es\/en\/wp-json\/wp\/v2\/product_tag?post=7434"}],"curies":[{"name":"wp","href":"https:\/\/api.w.org\/{rel}","templated":true}]}}