{"id":7441,"date":"2020-12-06T21:22:50","date_gmt":"2020-12-06T20:22:50","guid":{"rendered":"https:\/\/caballero.es\/tienda\/uncategorized\/fino-del-puerto-alm-gonzalez-obregon-lustau-50-cl\/"},"modified":"2025-04-01T15:43:29","modified_gmt":"2025-04-01T13:43:29","slug":"fino-del-puerto-alm-gonzalez-obregon-lustau-50-cl","status":"publish","type":"product","link":"https:\/\/caballero.es\/en\/shop\/wines\/sherry-wines\/fino-del-puerto-alm-gonzalez-obregon-lustau-50-cl\/","title":{"rendered":"Fino del Puerto &#8211; Alm. Gonz\u00e1lez Obreg\u00f3n Lustau (50 cl)"},"content":{"rendered":"<p>Aromas of yeast and low water nose with iodized notes. Recalls almonds, bread crumbs and quince. Dry and sharp on the palate, with a final almond and persistent.<\/p>\n","protected":false},"excerpt":{"rendered":"<p>SALINE AND IODINATED<br \/>\nThe traditional character of this wine is made up of 143 boots and is in the winery Jos\u00e9 Luis Gonz\u00e1lez Obreg\u00f3n is in the coastal town of El Puerto de Santa Mar\u00eda.<\/p>\n","protected":false},"featured_media":7753,"template":"","meta":[],"product_brand":[],"product_cat":[134,136],"product_tag":[193,181,180,164],"class_list":{"0":"post-7441","1":"product","2":"type-product","3":"status-publish","4":"has-post-thumbnail","6":"product_cat-wines","7":"product_cat-sherry-wines","8":"product_tag-for-tapas","9":"product_tag-with-fish","10":"product_tag-with-oysters","11":"product_tag-with-seafood","12":"pa_estilo-fino-en","13":"pa_marca-lustau","15":"first","16":"instock","17":"taxable","18":"shipping-taxable","19":"purchasable","20":"product-type-simple"},"_links":{"self":[{"href":"https:\/\/caballero.es\/en\/wp-json\/wp\/v2\/product\/7441","targetHints":{"allow":["GET"]}}],"collection":[{"href":"https:\/\/caballero.es\/en\/wp-json\/wp\/v2\/product"}],"about":[{"href":"https:\/\/caballero.es\/en\/wp-json\/wp\/v2\/types\/product"}],"wp:featuredmedia":[{"embeddable":true,"href":"https:\/\/caballero.es\/en\/wp-json\/wp\/v2\/media\/7753"}],"wp:attachment":[{"href":"https:\/\/caballero.es\/en\/wp-json\/wp\/v2\/media?parent=7441"}],"wp:term":[{"taxonomy":"product_brand","embeddable":true,"href":"https:\/\/caballero.es\/en\/wp-json\/wp\/v2\/product_brand?post=7441"},{"taxonomy":"product_cat","embeddable":true,"href":"https:\/\/caballero.es\/en\/wp-json\/wp\/v2\/product_cat?post=7441"},{"taxonomy":"product_tag","embeddable":true,"href":"https:\/\/caballero.es\/en\/wp-json\/wp\/v2\/product_tag?post=7441"}],"curies":[{"name":"wp","href":"https:\/\/api.w.org\/{rel}","templated":true}]}}